{"id":469,"date":"2022-11-15T02:30:36","date_gmt":"2022-11-15T02:30:36","guid":{"rendered":"https:\/\/www.americasfoodandbeverage.com\/about-us\/"},"modified":"2025-05-06T14:47:19","modified_gmt":"2025-05-06T14:47:19","slug":"about-us","status":"publish","type":"page","link":"https:\/\/www.americasfoodandbeverage.com\/es\/about-us\/","title":{"rendered":"Acerca de WTCM"},"content":{"rendered":"<p>El World Trade Center Miami es miembro de la Asociaci\u00f3n de Centros de Comercio Mundial, la preeminente organizaci\u00f3n de comercio mundial dedicada a promover el comercio bidireccional. Hay m\u00e1s de 300 World Trade Centers ubicados en 94 pa\u00edses, con una membres\u00eda total de 2 millones de asociados y socios corporativos.<br \/>En el hemisferio occidental hay m\u00e1s de 50 World Trade Centers ya operando o bien en el proceso de planificaci\u00f3n y\/o construcci\u00f3n. El World Trade Center Miami, la m\u00e1s antigua organizaci\u00f3n internacional de Miami, fomenta y realza las oportunidades de negocios internacionales mediante sus ferias comerciales internacionales.<br \/>La feria es patrocinada por la Asociaci\u00f3n Nacional de Departamentos Estatales de Agricultura (NASDA) y el Departamento de Agricultura de Estados Unidos (USDA). El Servicio Agr\u00edcola Exterior (FAS) del Departamento de Agricultura de Estados Unidos (USDA) se dedica a promover la exportaci\u00f3n de productos agr\u00edcolas estadounidenses e informa sobre la producci\u00f3n agr\u00edcola y el desarrollo de mercados en todas las zonas del mundo. USDA\/FAS colabora con NASDA para promover el pabell\u00f3n de EE. UU. en la Feria y conferencia de alimentos y bebidas.<br \/>Asimismo, el evento cuenta con el s\u00f3lido apoyo de los grupos de promoci\u00f3n de comercio de Argentina, Australia, Bolivia, Brasil, Canad\u00e1, Chile, Colombia, Corea del Sur, Ecuador, Italia, Jamaica, Malasia, Per\u00fa, Polonia, Sud\u00e1frica, Tailandia y Turqu\u00eda.<\/p><p><strong>\u201cLa Americas Food and Beverage Show &amp; Conference brinda una gran oportunidad para que las empresas estadounidenses interact\u00faen con minoristas y compradores de servicios de restauraci\u00f3n procedentes de EE. UU. y toda la regi\u00f3n de Am\u00e9rica Latina y el Caribe\u201d.<\/strong><br \/>Dewitt Ashby, Director, Ferias Comerciales, Asociaci\u00f3n Nacional de Departamentos Estatales de Agricultura<\/p><p><strong>\u201cLa feria ha sido muy exitosa para nosotros; conocimos a muchos contactos que mostraron mucho inter\u00e9s en distribuir nuestros productos\u201d.\u00a0<\/strong><br \/>Beverley Van Wyk, Directora, Stretch-A-Tac Clever Wrap Pack, Sud\u00e1frica<\/p><p><strong>\u201cPara nosotros, la feria es una muy buena feria de oportunidades comerciales en Latinoam\u00e9rica. Es muy ventajosa para nuestro negocio y para la expansi\u00f3n de nuestra red de ventas a nivel mundial. Esta feria es un lugar excelente para romper la barrera del comercio internacional sin viajar a esos pa\u00edses (individuales)\u201d.<\/strong><br \/>Terry Jones, \u201cJack Link\u2019s Beef Jerky\u201d, Wisconsin, EE. UU.<\/p><p><strong>\u201cHemos conocido a muchos contactos muy buenos aqu\u00ed en la feria\u201d.<\/strong><br \/>Pasquale Manca, Director, San Giuliano Olive Oils, Italia<\/p><p><strong>\u201cLa cocina miamense constituye un \u201cmundo feliz\u201d de sabores tropicales. Debido a la ubicaci\u00f3n de Miami en la intersecci\u00f3n de Norteam\u00e9rica, Suram\u00e9rica y Am\u00e9rica Central y su posici\u00f3n como puerta al Caribe, el paladar miamense es una celebraci\u00f3n de las culturas del mundo en una fusi\u00f3n culinaria. La feria es como un tribute a nuestra madurez\u201d.<\/strong><br \/>Chef Allen Susser, \u201cAllen\u2019s\u201d, Miami, FL, EE. UU.<\/p>\n\n<figure class=\"wp-block-image size-large\"><a ><img loading=\"lazy\" decoding=\"async\" width=\"1024\" height=\"194\" src=\"https:\/\/www.americasfoodandbeverage.com\/wp-content\/uploads\/2025\/05\/Miami_WTC-LOGO_HORZ-1024x194.png\" alt class=\"wp-image-5303\" srcset=\"https:\/\/www.americasfoodandbeverage.com\/wp-content\/uploads\/2025\/05\/Miami_WTC-LOGO_HORZ-1024x194.png 1024w, https:\/\/www.americasfoodandbeverage.com\/wp-content\/uploads\/2025\/05\/Miami_WTC-LOGO_HORZ-400x76.png 400w, https:\/\/www.americasfoodandbeverage.com\/wp-content\/uploads\/2025\/05\/Miami_WTC-LOGO_HORZ-768x146.png 768w, https:\/\/www.americasfoodandbeverage.com\/wp-content\/uploads\/2025\/05\/Miami_WTC-LOGO_HORZ-1536x292.png 1536w, https:\/\/www.americasfoodandbeverage.com\/wp-content\/uploads\/2025\/05\/Miami_WTC-LOGO_HORZ-2048x389.png 2048w\" sizes=\"auto, (max-width: 1024px) 100vw, 1024px\" \/><\/a><\/figure>\n\n<figure class=\"wp-block-image size-full\"><a ><img loading=\"lazy\" decoding=\"async\" width=\"2048\" height=\"2048\" src=\"https:\/\/www.americasfoodandbeverage.com\/wp-content\/uploads\/2025\/05\/NASDA-Logo.jpg\" alt class=\"wp-image-5304\" srcset=\"https:\/\/www.americasfoodandbeverage.com\/wp-content\/uploads\/2025\/05\/NASDA-Logo.jpg 2048w, https:\/\/www.americasfoodandbeverage.com\/wp-content\/uploads\/2025\/05\/NASDA-Logo-400x400.jpg 400w, https:\/\/www.americasfoodandbeverage.com\/wp-content\/uploads\/2025\/05\/NASDA-Logo-1024x1024.jpg 1024w, https:\/\/www.americasfoodandbeverage.com\/wp-content\/uploads\/2025\/05\/NASDA-Logo-150x150.jpg 150w, https:\/\/www.americasfoodandbeverage.com\/wp-content\/uploads\/2025\/05\/NASDA-Logo-768x768.jpg 768w, https:\/\/www.americasfoodandbeverage.com\/wp-content\/uploads\/2025\/05\/NASDA-Logo-1536x1536.jpg 1536w\" sizes=\"auto, (max-width: 2048px) 100vw, 2048px\" \/><\/a><\/figure>","protected":false},"excerpt":{"rendered":"<p>El World Trade Center Miami es miembro de la Asociaci\u00f3n de Centros de Comercio Mundial, la preeminente organizaci\u00f3n de comercio mundial dedicada a promover el comercio bidireccional. Hay m\u00e1s de 300 World Trade Centers ubicados en 94 pa\u00edses, con una membres\u00eda total de 2 millones de asociados y socios corporativos.En el hemisferio occidental hay m\u00e1s [&hellip;]<\/p>\n","protected":false},"author":1,"featured_media":0,"parent":0,"menu_order":0,"comment_status":"closed","ping_status":"closed","template":"","meta":{"_acf_changed":false,"footnotes":""},"class_list":["post-469","page","type-page","status-publish","hentry"],"acf":[],"yoast_head":"<!-- This site is optimized with the Yoast SEO Premium plugin v27.3 (Yoast SEO v27.3) - https:\/\/yoast.com\/product\/yoast-seo-premium-wordpress\/ -->\n<title>Acerca de WTCM - Americas Food &amp; Beverage<\/title>\n<meta name=\"robots\" content=\"index, follow, max-snippet:-1, max-image-preview:large, max-video-preview:-1\" \/>\n<link rel=\"canonical\" href=\"https:\/\/www.americasfoodandbeverage.com\/es\/about-us\/\" \/>\n<meta property=\"og:locale\" content=\"es_ES\" \/>\n<meta property=\"og:type\" content=\"article\" \/>\n<meta property=\"og:title\" content=\"Acerca de WTCM\" \/>\n<meta property=\"og:description\" content=\"El World Trade Center Miami es miembro de la Asociaci\u00f3n de Centros de Comercio Mundial, la preeminente organizaci\u00f3n de comercio mundial dedicada a promover el comercio bidireccional. Hay m\u00e1s de 300 World Trade Centers ubicados en 94 pa\u00edses, con una membres\u00eda total de 2 millones de asociados y socios corporativos.En el hemisferio occidental hay m\u00e1s [&hellip;]\" \/>\n<meta property=\"og:url\" content=\"https:\/\/www.americasfoodandbeverage.com\/es\/about-us\/\" \/>\n<meta property=\"og:site_name\" content=\"Americas Food &amp; Beverage\" \/>\n<meta property=\"article:publisher\" content=\"https:\/\/www.facebook.com\/AmericasFoodandBeverageMiami\/\" \/>\n<meta property=\"article:modified_time\" content=\"2025-05-06T14:47:19+00:00\" \/>\n<meta property=\"og:image\" content=\"https:\/\/www.americasfoodandbeverage.com\/wp-content\/uploads\/2025\/05\/Miami_WTC-LOGO_HORZ.png\" \/>\n\t<meta property=\"og:image:width\" content=\"2122\" \/>\n\t<meta property=\"og:image:height\" content=\"403\" \/>\n\t<meta property=\"og:image:type\" content=\"image\/png\" \/>\n<meta name=\"twitter:card\" content=\"summary_large_image\" \/>\n<meta name=\"twitter:site\" content=\"@afbshow\" \/>\n<script type=\"application\/ld+json\" class=\"yoast-schema-graph\">{\"@context\":\"https:\\\/\\\/schema.org\",\"@graph\":[{\"@type\":\"WebPage\",\"@id\":\"https:\\\/\\\/www.americasfoodandbeverage.com\\\/es\\\/about-us\\\/\",\"url\":\"https:\\\/\\\/www.americasfoodandbeverage.com\\\/es\\\/about-us\\\/\",\"name\":\"Acerca de WTCM - Americas Food &amp; Beverage\",\"isPartOf\":{\"@id\":\"https:\\\/\\\/www.americasfoodandbeverage.com\\\/es\\\/#website\"},\"primaryImageOfPage\":{\"@id\":\"https:\\\/\\\/www.americasfoodandbeverage.com\\\/es\\\/about-us\\\/#primaryimage\"},\"image\":{\"@id\":\"https:\\\/\\\/www.americasfoodandbeverage.com\\\/es\\\/about-us\\\/#primaryimage\"},\"thumbnailUrl\":\"https:\\\/\\\/www.americasfoodandbeverage.com\\\/wp-content\\\/uploads\\\/2025\\\/05\\\/Miami_WTC-LOGO_HORZ-1024x194.png\",\"datePublished\":\"2022-11-15T02:30:36+00:00\",\"dateModified\":\"2025-05-06T14:47:19+00:00\",\"breadcrumb\":{\"@id\":\"https:\\\/\\\/www.americasfoodandbeverage.com\\\/es\\\/about-us\\\/#breadcrumb\"},\"inLanguage\":\"es\",\"potentialAction\":[{\"@type\":\"ReadAction\",\"target\":[\"https:\\\/\\\/www.americasfoodandbeverage.com\\\/es\\\/about-us\\\/\"]}]},{\"@type\":\"ImageObject\",\"inLanguage\":\"es\",\"@id\":\"https:\\\/\\\/www.americasfoodandbeverage.com\\\/es\\\/about-us\\\/#primaryimage\",\"url\":\"https:\\\/\\\/www.americasfoodandbeverage.com\\\/wp-content\\\/uploads\\\/2025\\\/05\\\/Miami_WTC-LOGO_HORZ-1024x194.png\",\"contentUrl\":\"https:\\\/\\\/www.americasfoodandbeverage.com\\\/wp-content\\\/uploads\\\/2025\\\/05\\\/Miami_WTC-LOGO_HORZ-1024x194.png\"},{\"@type\":\"BreadcrumbList\",\"@id\":\"https:\\\/\\\/www.americasfoodandbeverage.com\\\/es\\\/about-us\\\/#breadcrumb\",\"itemListElement\":[{\"@type\":\"ListItem\",\"position\":1,\"name\":\"Home\",\"item\":\"https:\\\/\\\/www.americasfoodandbeverage.com\\\/es\\\/\"},{\"@type\":\"ListItem\",\"position\":2,\"name\":\"Acerca de WTCM\"}]},{\"@type\":\"WebSite\",\"@id\":\"https:\\\/\\\/www.americasfoodandbeverage.com\\\/es\\\/#website\",\"url\":\"https:\\\/\\\/www.americasfoodandbeverage.com\\\/es\\\/\",\"name\":\"Americas Food & Beverage\",\"description\":\"Customers, vendors\\\/service providers, suppliers, distributors and industry experts from around the world.\",\"publisher\":{\"@id\":\"https:\\\/\\\/www.americasfoodandbeverage.com\\\/es\\\/#organization\"},\"potentialAction\":[{\"@type\":\"SearchAction\",\"target\":{\"@type\":\"EntryPoint\",\"urlTemplate\":\"https:\\\/\\\/www.americasfoodandbeverage.com\\\/es\\\/?s={search_term_string}\"},\"query-input\":{\"@type\":\"PropertyValueSpecification\",\"valueRequired\":true,\"valueName\":\"search_term_string\"}}],\"inLanguage\":\"es\"},{\"@type\":\"Organization\",\"@id\":\"https:\\\/\\\/www.americasfoodandbeverage.com\\\/es\\\/#organization\",\"name\":\"Americas Food & Beverage\",\"url\":\"https:\\\/\\\/www.americasfoodandbeverage.com\\\/es\\\/\",\"logo\":{\"@type\":\"ImageObject\",\"inLanguage\":\"es\",\"@id\":\"https:\\\/\\\/www.americasfoodandbeverage.com\\\/es\\\/#\\\/schema\\\/logo\\\/image\\\/\",\"url\":\"https:\\\/\\\/www.americasfoodandbeverage.com\\\/wp-content\\\/uploads\\\/2023\\\/09\\\/AFB_pdf_logo.jpg\",\"contentUrl\":\"https:\\\/\\\/www.americasfoodandbeverage.com\\\/wp-content\\\/uploads\\\/2023\\\/09\\\/AFB_pdf_logo.jpg\",\"width\":918,\"height\":290,\"caption\":\"Americas Food & Beverage\"},\"image\":{\"@id\":\"https:\\\/\\\/www.americasfoodandbeverage.com\\\/es\\\/#\\\/schema\\\/logo\\\/image\\\/\"},\"sameAs\":[\"https:\\\/\\\/www.facebook.com\\\/AmericasFoodandBeverageMiami\\\/\",\"https:\\\/\\\/x.com\\\/afbshow\",\"https:\\\/\\\/www.linkedin.com\\\/company\\\/americas-food-and-beverage-show\",\"https:\\\/\\\/www.instagram.com\\\/americasfoodandbeverageshow\\\/\",\"https:\\\/\\\/americasfoodandbeverage.com\\\/wp-content\\\/themes\\\/Impreza-child\\\/assets\\\/icons\\\/youtube_light.png\"]}]}<\/script>\n<!-- \/ Yoast SEO Premium plugin. -->","yoast_head_json":{"title":"Acerca de WTCM - Americas Food &amp; Beverage","robots":{"index":"index","follow":"follow","max-snippet":"max-snippet:-1","max-image-preview":"max-image-preview:large","max-video-preview":"max-video-preview:-1"},"canonical":"https:\/\/www.americasfoodandbeverage.com\/es\/about-us\/","og_locale":"es_ES","og_type":"article","og_title":"Acerca de WTCM","og_description":"El World Trade Center Miami es miembro de la Asociaci\u00f3n de Centros de Comercio Mundial, la preeminente organizaci\u00f3n de comercio mundial dedicada a promover el comercio bidireccional. Hay m\u00e1s de 300 World Trade Centers ubicados en 94 pa\u00edses, con una membres\u00eda total de 2 millones de asociados y socios corporativos.En el hemisferio occidental hay m\u00e1s [&hellip;]","og_url":"https:\/\/www.americasfoodandbeverage.com\/es\/about-us\/","og_site_name":"Americas Food &amp; Beverage","article_publisher":"https:\/\/www.facebook.com\/AmericasFoodandBeverageMiami\/","article_modified_time":"2025-05-06T14:47:19+00:00","og_image":[{"width":2122,"height":403,"url":"https:\/\/www.americasfoodandbeverage.com\/wp-content\/uploads\/2025\/05\/Miami_WTC-LOGO_HORZ.png","type":"image\/png"}],"twitter_card":"summary_large_image","twitter_site":"@afbshow","schema":{"@context":"https:\/\/schema.org","@graph":[{"@type":"WebPage","@id":"https:\/\/www.americasfoodandbeverage.com\/es\/about-us\/","url":"https:\/\/www.americasfoodandbeverage.com\/es\/about-us\/","name":"Acerca de WTCM - Americas Food &amp; Beverage","isPartOf":{"@id":"https:\/\/www.americasfoodandbeverage.com\/es\/#website"},"primaryImageOfPage":{"@id":"https:\/\/www.americasfoodandbeverage.com\/es\/about-us\/#primaryimage"},"image":{"@id":"https:\/\/www.americasfoodandbeverage.com\/es\/about-us\/#primaryimage"},"thumbnailUrl":"https:\/\/www.americasfoodandbeverage.com\/wp-content\/uploads\/2025\/05\/Miami_WTC-LOGO_HORZ-1024x194.png","datePublished":"2022-11-15T02:30:36+00:00","dateModified":"2025-05-06T14:47:19+00:00","breadcrumb":{"@id":"https:\/\/www.americasfoodandbeverage.com\/es\/about-us\/#breadcrumb"},"inLanguage":"es","potentialAction":[{"@type":"ReadAction","target":["https:\/\/www.americasfoodandbeverage.com\/es\/about-us\/"]}]},{"@type":"ImageObject","inLanguage":"es","@id":"https:\/\/www.americasfoodandbeverage.com\/es\/about-us\/#primaryimage","url":"https:\/\/www.americasfoodandbeverage.com\/wp-content\/uploads\/2025\/05\/Miami_WTC-LOGO_HORZ-1024x194.png","contentUrl":"https:\/\/www.americasfoodandbeverage.com\/wp-content\/uploads\/2025\/05\/Miami_WTC-LOGO_HORZ-1024x194.png"},{"@type":"BreadcrumbList","@id":"https:\/\/www.americasfoodandbeverage.com\/es\/about-us\/#breadcrumb","itemListElement":[{"@type":"ListItem","position":1,"name":"Home","item":"https:\/\/www.americasfoodandbeverage.com\/es\/"},{"@type":"ListItem","position":2,"name":"Acerca de WTCM"}]},{"@type":"WebSite","@id":"https:\/\/www.americasfoodandbeverage.com\/es\/#website","url":"https:\/\/www.americasfoodandbeverage.com\/es\/","name":"Americas Food & Beverage","description":"Customers, vendors\/service providers, suppliers, distributors and industry experts from around the world.","publisher":{"@id":"https:\/\/www.americasfoodandbeverage.com\/es\/#organization"},"potentialAction":[{"@type":"SearchAction","target":{"@type":"EntryPoint","urlTemplate":"https:\/\/www.americasfoodandbeverage.com\/es\/?s={search_term_string}"},"query-input":{"@type":"PropertyValueSpecification","valueRequired":true,"valueName":"search_term_string"}}],"inLanguage":"es"},{"@type":"Organization","@id":"https:\/\/www.americasfoodandbeverage.com\/es\/#organization","name":"Americas Food & Beverage","url":"https:\/\/www.americasfoodandbeverage.com\/es\/","logo":{"@type":"ImageObject","inLanguage":"es","@id":"https:\/\/www.americasfoodandbeverage.com\/es\/#\/schema\/logo\/image\/","url":"https:\/\/www.americasfoodandbeverage.com\/wp-content\/uploads\/2023\/09\/AFB_pdf_logo.jpg","contentUrl":"https:\/\/www.americasfoodandbeverage.com\/wp-content\/uploads\/2023\/09\/AFB_pdf_logo.jpg","width":918,"height":290,"caption":"Americas Food & Beverage"},"image":{"@id":"https:\/\/www.americasfoodandbeverage.com\/es\/#\/schema\/logo\/image\/"},"sameAs":["https:\/\/www.facebook.com\/AmericasFoodandBeverageMiami\/","https:\/\/x.com\/afbshow","https:\/\/www.linkedin.com\/company\/americas-food-and-beverage-show","https:\/\/www.instagram.com\/americasfoodandbeverageshow\/","https:\/\/americasfoodandbeverage.com\/wp-content\/themes\/Impreza-child\/assets\/icons\/youtube_light.png"]}]}},"_links":{"self":[{"href":"https:\/\/www.americasfoodandbeverage.com\/es\/wp-json\/wp\/v2\/pages\/469","targetHints":{"allow":["GET"]}}],"collection":[{"href":"https:\/\/www.americasfoodandbeverage.com\/es\/wp-json\/wp\/v2\/pages"}],"about":[{"href":"https:\/\/www.americasfoodandbeverage.com\/es\/wp-json\/wp\/v2\/types\/page"}],"author":[{"embeddable":true,"href":"https:\/\/www.americasfoodandbeverage.com\/es\/wp-json\/wp\/v2\/users\/1"}],"replies":[{"embeddable":true,"href":"https:\/\/www.americasfoodandbeverage.com\/es\/wp-json\/wp\/v2\/comments?post=469"}],"version-history":[{"count":0,"href":"https:\/\/www.americasfoodandbeverage.com\/es\/wp-json\/wp\/v2\/pages\/469\/revisions"}],"wp:attachment":[{"href":"https:\/\/www.americasfoodandbeverage.com\/es\/wp-json\/wp\/v2\/media?parent=469"}],"curies":[{"name":"wp","href":"https:\/\/api.w.org\/{rel}","templated":true}]}}