{"id":467,"date":"2022-11-15T02:53:16","date_gmt":"2022-11-15T02:53:16","guid":{"rendered":"https:\/\/www.americasfoodandbeverage.com\/become_an_exhibitor\/"},"modified":"2023-10-29T18:14:36","modified_gmt":"2023-10-29T18:14:36","slug":"inscripcion-como-expositor","status":"publish","type":"page","link":"https:\/\/www.americasfoodandbeverage.com\/es\/inscripcion-como-expositor\/","title":{"rendered":"Inscripci\u00f3n como expositor"},"content":{"rendered":"<p>[vc_row][vc_column width=\u00bb1\/1&#8243;][vc_raw_html]JTVCYWZiX3NlY3Rpb25fdGl0bGUlMjBsZWZ0JTNEJTIySU5TQ1IlQzMlOERCQVNFJTIyJTIwcmlnaHQlM0QlMjJDT01PJTIwVU4lMjBFWFBPU0lUT1IlMjIlNUQ=[\/vc_raw_html][\/vc_column][\/vc_row][vc_row][vc_column width=\u00bb2\/3&#8243;][vc_column_text]<\/p>\n<h3><strong>\u00a1Reserve ahora mismo su stand en el sitio ideal! \u00bfQu\u00e9 espera? <\/strong><\/h3>\n<p>Para reservar su stand, llame a <em>Roberto Berr\u00edos <\/em>:<br \/>\n<strong>305-575-2006<\/strong> o <b>rberrios@wtcmiami.org<\/b><\/p>\n<p>El espacio de stands preferentes ya est\u00e1 limitado, as\u00ed que no demore. Presente de manera resaltada su empresa y sus productos de alimentos y bebidas en la <strong>edici\u00f3n 27 de la Feria de alimentos y bebidas de las Am\u00e9ricas<\/strong>, conozca a nuevos compradores destacados procedentes de toda la regi\u00f3n de las Am\u00e9ricas y alcance sus metas y potencial de ventas. \u00a1La feria le brinda todo lo que necesita para lograr el \u00e9xito!<\/p>\n<p>Los stands de exposici\u00f3n \u201c<strong>All Inclusive \u2013 Turnkey<\/strong>\u201d [todo incluido: llave en mano] est\u00e1n disponibles a un precio de <strong>USD 3450<\/strong>\u00a0por un stand en l\u00ednea (USD 34,50 por 0,09m<sup>2<\/sup>\/pie<sup>2<\/sup>) y un costo adicional de solo USD 400 por un stand de esquina (USD 38,50 por 0,09m<sup>2<\/sup>\/pie<sup>2)<\/sup>.<\/p>\n<p>Tambi\u00e9n hay otros tama\u00f1os disponibles, con sus precios correspondientes\u00a0 Los art\u00edculos adicionales correr\u00e1n por cuenta del expositor. Para reservar su stand, llame a: <em>Roberto Berr\u00edos <\/em><strong>305-575-2006.<\/strong>[\/vc_column_text][\/vc_column][vc_column width=\u00bb1\/3&#8243;][us_btn label=\u00bbPrecios del stand 2024&#8243; link=\u00bburl:https%3A%2F%2Fwww.americasfoodandbeverage.com%2Fwp-content%2Fuploads%2F2023%2F10%2F24AFB_2-sided-flyer-_20231028_233312_0000.pdf|target:_blank\u00bb style=\u00bb5&#8243; align=\u00bbcenter\u00bb][us_btn label=\u00bbSolicitud de expositor del World Trade Center Miami\u00bb link=\u00bburl:https%3A%2F%2F50e.e40.myftpupload.com%2Fwp-content%2Fuploads%2F2022%2F12%2F2022_-_AFB_EXHIBIT_SALE_BOOTH_CONTRACT-WTCM-FINAL.pdf\u00bb style=\u00bb5&#8243;][\/vc_column][\/vc_row][vc_row height=\u00bbauto\u00bb css=\u00bb%7B%22default%22%3A%7B%22padding-bottom%22%3A%22200%22%7D%7D\u00bb][vc_column width=\u00bb1\/1&#8243;][vc_column_text]<strong>El Paquete de stand \u201cAll Inclusive \u2013 Turnkey\u201d incluye:<\/strong><\/p>\n<ul>\n<li>Stand de tuber\u00eda y cortina de 3m x 3m (10\u2032 x 10\u2032)<\/li>\n<li>Barandas laterales de 0,9m (3\u2032)<\/li>\n<li>Una mesa de 1,8m (6\u2032) con mantel largo y\u00a02 sillas<\/li>\n<li>Completamente alfombrado<\/li>\n<li>Un tomacorriente de 500 vatios (120 voltios)<\/li>\n<li>Letrero e iluminaci\u00f3n del stand<\/li>\n<li>1 basurero<\/li>\n<li><u>1 pase gratuito a la conferencia (espacio limitado) <\/u><\/li>\n<li>5\u00a0insignias gratuitas para el personal del stand (insignias gratuitas a USD 25,00 cada una)<\/li>\n<li><u>15 pases gratuitos para invitados <\/u><\/li>\n<li>Inclusi\u00f3n gratuita en la lista del sitio web oficial de la feria y en el Directorio de expositores<\/li>\n<li>3 entradas gratuitas a la Exposici\u00f3n virtual de productos nuevos<\/li>\n<li>3 entradas gratuitas a la Exposici\u00f3n in situ de productos nuevos, en la Sala de exposiciones<\/li>\n<li>Kit de servicio y Manual de servicio del expositor<\/li>\n<li>Recepci\u00f3n del Bolet\u00edn oficial mensual de la feria<\/li>\n<li>Inclusi\u00f3n de su comunicado de prensa oficial en el sitio web de la feria y en los medios sociales<\/li>\n<li>La informaci\u00f3n de su empresa enviada mensualmente por correo electr\u00f3nico a los visitantes inscritos<\/li>\n<\/ul>\n<p><strong>Los datos demogr\u00e1ficos de la feria, as\u00ed como los perfiles de los visitantes y expositores, se pueden encontrar <a href=\"https:\/\/www.americasfoodandbeverage.com\/wp-content\/uploads\/2022\/12\/Americas_Food_and_Beverage_Brochure_and_Sales_info_2022__ESP__1_.pdf\" target=\"_blank\" rel=\"noopener\">aqu\u00ed<\/a> en el Folleto corporativo.<\/strong>[\/vc_column_text][ultimate_spacer height=\u00bb100&#8243;][\/vc_column][\/vc_row]<\/p>\n","protected":false},"excerpt":{"rendered":"<p>[vc_row][vc_column width=\u00bb1\/1&#8243;][vc_raw_html]JTVCYWZiX3NlY3Rpb25fdGl0bGUlMjBsZWZ0JTNEJTIySU5TQ1IlQzMlOERCQVNFJTIyJTIwcmlnaHQlM0QlMjJDT01PJTIwVU4lMjBFWFBPU0lUT1IlMjIlNUQ=[\/vc_raw_html][\/vc_column][\/vc_row][vc_row][vc_column width=\u00bb2\/3&#8243;][vc_column_text] \u00a1Reserve ahora mismo su stand en el sitio ideal! \u00bfQu\u00e9 espera? Para reservar su stand, llame a Roberto Berr\u00edos : 305-575-2006 o rberrios@wtcmiami.org El espacio de stands preferentes ya est\u00e1 limitado, as\u00ed que no demore. Presente de manera resaltada su empresa y sus productos de alimentos y bebidas en la edici\u00f3n 27 [&hellip;]<\/p>\n","protected":false},"author":1,"featured_media":0,"parent":0,"menu_order":0,"comment_status":"closed","ping_status":"closed","template":"","meta":{"_acf_changed":false,"footnotes":""},"class_list":["post-467","page","type-page","status-publish","hentry"],"acf":[],"yoast_head":"<!-- This site is optimized with the Yoast SEO Premium plugin v27.2 (Yoast SEO v27.2) - https:\/\/yoast.com\/product\/yoast-seo-premium-wordpress\/ -->\n<title>Inscripci\u00f3n como expositor - Americas Food &amp; Beverage<\/title>\n<meta name=\"robots\" content=\"index, follow, max-snippet:-1, max-image-preview:large, max-video-preview:-1\" \/>\n<link rel=\"canonical\" href=\"https:\/\/www.americasfoodandbeverage.com\/es\/inscripcion-como-expositor\/\" \/>\n<meta property=\"og:locale\" content=\"es_ES\" \/>\n<meta property=\"og:type\" content=\"article\" \/>\n<meta property=\"og:title\" content=\"Inscripci\u00f3n como expositor\" \/>\n<meta property=\"og:description\" content=\"[vc_row][vc_column width=\u00bb1\/1&#8243;][vc_raw_html]JTVCYWZiX3NlY3Rpb25fdGl0bGUlMjBsZWZ0JTNEJTIySU5TQ1IlQzMlOERCQVNFJTIyJTIwcmlnaHQlM0QlMjJDT01PJTIwVU4lMjBFWFBPU0lUT1IlMjIlNUQ=[\/vc_raw_html][\/vc_column][\/vc_row][vc_row][vc_column width=\u00bb2\/3&#8243;][vc_column_text] \u00a1Reserve ahora mismo su stand en el sitio ideal! \u00bfQu\u00e9 espera? Para reservar su stand, llame a Roberto Berr\u00edos : 305-575-2006 o rberrios@wtcmiami.org El espacio de stands preferentes ya est\u00e1 limitado, as\u00ed que no demore. Presente de manera resaltada su empresa y sus productos de alimentos y bebidas en la edici\u00f3n 27 [&hellip;]\" \/>\n<meta property=\"og:url\" content=\"https:\/\/www.americasfoodandbeverage.com\/es\/inscripcion-como-expositor\/\" \/>\n<meta property=\"og:site_name\" content=\"Americas Food &amp; Beverage\" \/>\n<meta property=\"article:publisher\" content=\"https:\/\/www.facebook.com\/AmericasFoodandBeverageMiami\/\" \/>\n<meta property=\"article:modified_time\" content=\"2023-10-29T18:14:36+00:00\" \/>\n<meta name=\"twitter:card\" content=\"summary_large_image\" \/>\n<meta name=\"twitter:site\" content=\"@afbshow\" \/>\n<meta name=\"twitter:label1\" content=\"Tiempo de lectura\" \/>\n\t<meta name=\"twitter:data1\" content=\"3 minutos\" \/>\n<script type=\"application\/ld+json\" class=\"yoast-schema-graph\">{\"@context\":\"https:\/\/schema.org\",\"@graph\":[{\"@type\":\"WebPage\",\"@id\":\"https:\/\/www.americasfoodandbeverage.com\/es\/inscripcion-como-expositor\/\",\"url\":\"https:\/\/www.americasfoodandbeverage.com\/es\/inscripcion-como-expositor\/\",\"name\":\"Inscripci\u00f3n como expositor - Americas Food &amp; Beverage\",\"isPartOf\":{\"@id\":\"https:\/\/www.americasfoodandbeverage.com\/es\/#website\"},\"datePublished\":\"2022-11-15T02:53:16+00:00\",\"dateModified\":\"2023-10-29T18:14:36+00:00\",\"breadcrumb\":{\"@id\":\"https:\/\/www.americasfoodandbeverage.com\/es\/inscripcion-como-expositor\/#breadcrumb\"},\"inLanguage\":\"es\",\"potentialAction\":[{\"@type\":\"ReadAction\",\"target\":[\"https:\/\/www.americasfoodandbeverage.com\/es\/inscripcion-como-expositor\/\"]}]},{\"@type\":\"BreadcrumbList\",\"@id\":\"https:\/\/www.americasfoodandbeverage.com\/es\/inscripcion-como-expositor\/#breadcrumb\",\"itemListElement\":[{\"@type\":\"ListItem\",\"position\":1,\"name\":\"Home\",\"item\":\"https:\/\/www.americasfoodandbeverage.com\/es\/\"},{\"@type\":\"ListItem\",\"position\":2,\"name\":\"Inscripci\u00f3n como expositor\"}]},{\"@type\":\"WebSite\",\"@id\":\"https:\/\/www.americasfoodandbeverage.com\/es\/#website\",\"url\":\"https:\/\/www.americasfoodandbeverage.com\/es\/\",\"name\":\"Americas Food & Beverage\",\"description\":\"Customers, vendors\/service providers, suppliers, distributors and industry experts from around the world.\",\"publisher\":{\"@id\":\"https:\/\/www.americasfoodandbeverage.com\/es\/#organization\"},\"potentialAction\":[{\"@type\":\"SearchAction\",\"target\":{\"@type\":\"EntryPoint\",\"urlTemplate\":\"https:\/\/www.americasfoodandbeverage.com\/es\/?s={search_term_string}\"},\"query-input\":{\"@type\":\"PropertyValueSpecification\",\"valueRequired\":true,\"valueName\":\"search_term_string\"}}],\"inLanguage\":\"es\"},{\"@type\":\"Organization\",\"@id\":\"https:\/\/www.americasfoodandbeverage.com\/es\/#organization\",\"name\":\"Americas Food & Beverage\",\"url\":\"https:\/\/www.americasfoodandbeverage.com\/es\/\",\"logo\":{\"@type\":\"ImageObject\",\"inLanguage\":\"es\",\"@id\":\"https:\/\/www.americasfoodandbeverage.com\/es\/#\/schema\/logo\/image\/\",\"url\":\"https:\/\/www.americasfoodandbeverage.com\/wp-content\/uploads\/2023\/09\/AFB_pdf_logo.jpg\",\"contentUrl\":\"https:\/\/www.americasfoodandbeverage.com\/wp-content\/uploads\/2023\/09\/AFB_pdf_logo.jpg\",\"width\":918,\"height\":290,\"caption\":\"Americas Food & Beverage\"},\"image\":{\"@id\":\"https:\/\/www.americasfoodandbeverage.com\/es\/#\/schema\/logo\/image\/\"},\"sameAs\":[\"https:\/\/www.facebook.com\/AmericasFoodandBeverageMiami\/\",\"https:\/\/x.com\/afbshow\",\"https:\/\/www.linkedin.com\/company\/americas-food-and-beverage-show\",\"https:\/\/www.instagram.com\/americasfoodandbeverageshow\/\",\"https:\/\/americasfoodandbeverage.com\/wp-content\/themes\/Impreza-child\/assets\/icons\/youtube_light.png\"]}]}<\/script>\n<!-- \/ Yoast SEO Premium plugin. -->","yoast_head_json":{"title":"Inscripci\u00f3n como expositor - Americas Food &amp; Beverage","robots":{"index":"index","follow":"follow","max-snippet":"max-snippet:-1","max-image-preview":"max-image-preview:large","max-video-preview":"max-video-preview:-1"},"canonical":"https:\/\/www.americasfoodandbeverage.com\/es\/inscripcion-como-expositor\/","og_locale":"es_ES","og_type":"article","og_title":"Inscripci\u00f3n como expositor","og_description":"[vc_row][vc_column width=\u00bb1\/1&#8243;][vc_raw_html]JTVCYWZiX3NlY3Rpb25fdGl0bGUlMjBsZWZ0JTNEJTIySU5TQ1IlQzMlOERCQVNFJTIyJTIwcmlnaHQlM0QlMjJDT01PJTIwVU4lMjBFWFBPU0lUT1IlMjIlNUQ=[\/vc_raw_html][\/vc_column][\/vc_row][vc_row][vc_column width=\u00bb2\/3&#8243;][vc_column_text] \u00a1Reserve ahora mismo su stand en el sitio ideal! \u00bfQu\u00e9 espera? Para reservar su stand, llame a Roberto Berr\u00edos : 305-575-2006 o rberrios@wtcmiami.org El espacio de stands preferentes ya est\u00e1 limitado, as\u00ed que no demore. Presente de manera resaltada su empresa y sus productos de alimentos y bebidas en la edici\u00f3n 27 [&hellip;]","og_url":"https:\/\/www.americasfoodandbeverage.com\/es\/inscripcion-como-expositor\/","og_site_name":"Americas Food &amp; Beverage","article_publisher":"https:\/\/www.facebook.com\/AmericasFoodandBeverageMiami\/","article_modified_time":"2023-10-29T18:14:36+00:00","twitter_card":"summary_large_image","twitter_site":"@afbshow","twitter_misc":{"Tiempo de lectura":"3 minutos"},"schema":{"@context":"https:\/\/schema.org","@graph":[{"@type":"WebPage","@id":"https:\/\/www.americasfoodandbeverage.com\/es\/inscripcion-como-expositor\/","url":"https:\/\/www.americasfoodandbeverage.com\/es\/inscripcion-como-expositor\/","name":"Inscripci\u00f3n como expositor - Americas Food &amp; Beverage","isPartOf":{"@id":"https:\/\/www.americasfoodandbeverage.com\/es\/#website"},"datePublished":"2022-11-15T02:53:16+00:00","dateModified":"2023-10-29T18:14:36+00:00","breadcrumb":{"@id":"https:\/\/www.americasfoodandbeverage.com\/es\/inscripcion-como-expositor\/#breadcrumb"},"inLanguage":"es","potentialAction":[{"@type":"ReadAction","target":["https:\/\/www.americasfoodandbeverage.com\/es\/inscripcion-como-expositor\/"]}]},{"@type":"BreadcrumbList","@id":"https:\/\/www.americasfoodandbeverage.com\/es\/inscripcion-como-expositor\/#breadcrumb","itemListElement":[{"@type":"ListItem","position":1,"name":"Home","item":"https:\/\/www.americasfoodandbeverage.com\/es\/"},{"@type":"ListItem","position":2,"name":"Inscripci\u00f3n como expositor"}]},{"@type":"WebSite","@id":"https:\/\/www.americasfoodandbeverage.com\/es\/#website","url":"https:\/\/www.americasfoodandbeverage.com\/es\/","name":"Americas Food & Beverage","description":"Customers, vendors\/service providers, suppliers, distributors and industry experts from around the world.","publisher":{"@id":"https:\/\/www.americasfoodandbeverage.com\/es\/#organization"},"potentialAction":[{"@type":"SearchAction","target":{"@type":"EntryPoint","urlTemplate":"https:\/\/www.americasfoodandbeverage.com\/es\/?s={search_term_string}"},"query-input":{"@type":"PropertyValueSpecification","valueRequired":true,"valueName":"search_term_string"}}],"inLanguage":"es"},{"@type":"Organization","@id":"https:\/\/www.americasfoodandbeverage.com\/es\/#organization","name":"Americas Food & Beverage","url":"https:\/\/www.americasfoodandbeverage.com\/es\/","logo":{"@type":"ImageObject","inLanguage":"es","@id":"https:\/\/www.americasfoodandbeverage.com\/es\/#\/schema\/logo\/image\/","url":"https:\/\/www.americasfoodandbeverage.com\/wp-content\/uploads\/2023\/09\/AFB_pdf_logo.jpg","contentUrl":"https:\/\/www.americasfoodandbeverage.com\/wp-content\/uploads\/2023\/09\/AFB_pdf_logo.jpg","width":918,"height":290,"caption":"Americas Food & Beverage"},"image":{"@id":"https:\/\/www.americasfoodandbeverage.com\/es\/#\/schema\/logo\/image\/"},"sameAs":["https:\/\/www.facebook.com\/AmericasFoodandBeverageMiami\/","https:\/\/x.com\/afbshow","https:\/\/www.linkedin.com\/company\/americas-food-and-beverage-show","https:\/\/www.instagram.com\/americasfoodandbeverageshow\/","https:\/\/americasfoodandbeverage.com\/wp-content\/themes\/Impreza-child\/assets\/icons\/youtube_light.png"]}]}},"_links":{"self":[{"href":"https:\/\/www.americasfoodandbeverage.com\/es\/wp-json\/wp\/v2\/pages\/467","targetHints":{"allow":["GET"]}}],"collection":[{"href":"https:\/\/www.americasfoodandbeverage.com\/es\/wp-json\/wp\/v2\/pages"}],"about":[{"href":"https:\/\/www.americasfoodandbeverage.com\/es\/wp-json\/wp\/v2\/types\/page"}],"author":[{"embeddable":true,"href":"https:\/\/www.americasfoodandbeverage.com\/es\/wp-json\/wp\/v2\/users\/1"}],"replies":[{"embeddable":true,"href":"https:\/\/www.americasfoodandbeverage.com\/es\/wp-json\/wp\/v2\/comments?post=467"}],"version-history":[{"count":0,"href":"https:\/\/www.americasfoodandbeverage.com\/es\/wp-json\/wp\/v2\/pages\/467\/revisions"}],"wp:attachment":[{"href":"https:\/\/www.americasfoodandbeverage.com\/es\/wp-json\/wp\/v2\/media?parent=467"}],"curies":[{"name":"wp","href":"https:\/\/api.w.org\/{rel}","templated":true}]}}