{"id":461,"date":"2022-11-15T03:06:42","date_gmt":"2022-11-15T03:06:42","guid":{"rendered":"https:\/\/www.americasfoodandbeverage.com\/drivpkg\/"},"modified":"2023-01-26T02:16:49","modified_gmt":"2023-01-26T02:16:49","slug":"direcciones-y-estacionamiento","status":"publish","type":"page","link":"https:\/\/www.americasfoodandbeverage.com\/es\/direcciones-y-estacionamiento\/","title":{"rendered":"Direcciones y estacionamiento"},"content":{"rendered":"<p>[vc_row][vc_column width=\u00bb1\/1&#8243;][vc_raw_html]JTVCYWZiX3NlY3Rpb25fdGl0bGUlMjBsZWZ0JTNEJTIyRElSRUNDSU9ORVMlMjIlMjByaWdodCUzRCUyMlklMjBFU1RBQ0lPTkFNSUVOVE8lMjIlNUQ=[\/vc_raw_html][\/vc_column][\/vc_row][vc_row][vc_column width=\u00bb1\/1&#8243;][vc_column_text]Direcciones para llegar al Centro de Convenciones de Miami Beach y estacionar una vez ah\u00ed.<\/p>\n<p>Para ayudarle y hacerle m\u00e1s f\u00e1cil encontrar las direcciones para llegar al Centro de Convenciones de Miami Beach y estacionar una vez ah\u00ed, haga clic en el enlace a continuaci\u00f3n para obtener informaci\u00f3n: <span style=\"color: #ff8c00;\"><a style=\"color: #ff8c00;\" href=\"http:\/\/www.miamibeachconvention.com\/en\/directions-parking\">http:\/\/www.miamibeachconvention.com\/en\/directions-parking<\/a> <\/span><\/p>\n<p>\u00a1Le damos la bienvenida a la feria de 2023![\/vc_column_text][\/vc_column][\/vc_row]<\/p>\n","protected":false},"excerpt":{"rendered":"<p>[vc_row][vc_column width=\u00bb1\/1&#8243;][vc_raw_html]JTVCYWZiX3NlY3Rpb25fdGl0bGUlMjBsZWZ0JTNEJTIyRElSRUNDSU9ORVMlMjIlMjByaWdodCUzRCUyMlklMjBFU1RBQ0lPTkFNSUVOVE8lMjIlNUQ=[\/vc_raw_html][\/vc_column][\/vc_row][vc_row][vc_column width=\u00bb1\/1&#8243;][vc_column_text]Direcciones para llegar al Centro de Convenciones de Miami Beach y estacionar una vez ah\u00ed. Para ayudarle y hacerle m\u00e1s f\u00e1cil encontrar las direcciones para llegar al Centro de Convenciones de Miami Beach y estacionar una vez ah\u00ed, haga clic en el enlace a continuaci\u00f3n para obtener informaci\u00f3n: http:\/\/www.miamibeachconvention.com\/en\/directions-parking \u00a1Le damos la bienvenida [&hellip;]<\/p>\n","protected":false},"author":1,"featured_media":0,"parent":0,"menu_order":0,"comment_status":"closed","ping_status":"closed","template":"","meta":{"_acf_changed":false,"footnotes":""},"class_list":["post-461","page","type-page","status-publish","hentry"],"acf":[],"yoast_head":"<!-- This site is optimized with the Yoast SEO Premium plugin v27.3 (Yoast SEO v27.3) - https:\/\/yoast.com\/product\/yoast-seo-premium-wordpress\/ -->\n<title>Direcciones y estacionamiento - Americas Food &amp; Beverage<\/title>\n<meta name=\"robots\" content=\"index, follow, max-snippet:-1, max-image-preview:large, max-video-preview:-1\" \/>\n<link rel=\"canonical\" href=\"https:\/\/www.americasfoodandbeverage.com\/es\/direcciones-y-estacionamiento\/\" \/>\n<meta property=\"og:locale\" content=\"es_ES\" \/>\n<meta property=\"og:type\" content=\"article\" \/>\n<meta property=\"og:title\" content=\"Direcciones y estacionamiento\" \/>\n<meta property=\"og:description\" content=\"[vc_row][vc_column width=\u00bb1\/1&#8243;][vc_raw_html]JTVCYWZiX3NlY3Rpb25fdGl0bGUlMjBsZWZ0JTNEJTIyRElSRUNDSU9ORVMlMjIlMjByaWdodCUzRCUyMlklMjBFU1RBQ0lPTkFNSUVOVE8lMjIlNUQ=[\/vc_raw_html][\/vc_column][\/vc_row][vc_row][vc_column width=\u00bb1\/1&#8243;][vc_column_text]Direcciones para llegar al Centro de Convenciones de Miami Beach y estacionar una vez ah\u00ed. Para ayudarle y hacerle m\u00e1s f\u00e1cil encontrar las direcciones para llegar al Centro de Convenciones de Miami Beach y estacionar una vez ah\u00ed, haga clic en el enlace a continuaci\u00f3n para obtener informaci\u00f3n: http:\/\/www.miamibeachconvention.com\/en\/directions-parking \u00a1Le damos la bienvenida [&hellip;]\" \/>\n<meta property=\"og:url\" content=\"https:\/\/www.americasfoodandbeverage.com\/es\/direcciones-y-estacionamiento\/\" \/>\n<meta property=\"og:site_name\" content=\"Americas Food &amp; Beverage\" \/>\n<meta property=\"article:publisher\" content=\"https:\/\/www.facebook.com\/AmericasFoodandBeverageMiami\/\" \/>\n<meta property=\"article:modified_time\" content=\"2023-01-26T02:16:49+00:00\" \/>\n<meta name=\"twitter:card\" content=\"summary_large_image\" \/>\n<meta name=\"twitter:site\" content=\"@afbshow\" \/>\n<meta name=\"twitter:label1\" content=\"Tiempo de lectura\" \/>\n\t<meta name=\"twitter:data1\" content=\"1 minuto\" \/>\n<script type=\"application\/ld+json\" class=\"yoast-schema-graph\">{\"@context\":\"https:\\\/\\\/schema.org\",\"@graph\":[{\"@type\":\"WebPage\",\"@id\":\"https:\\\/\\\/www.americasfoodandbeverage.com\\\/es\\\/direcciones-y-estacionamiento\\\/\",\"url\":\"https:\\\/\\\/www.americasfoodandbeverage.com\\\/es\\\/direcciones-y-estacionamiento\\\/\",\"name\":\"Direcciones y estacionamiento - Americas Food &amp; Beverage\",\"isPartOf\":{\"@id\":\"https:\\\/\\\/www.americasfoodandbeverage.com\\\/es\\\/#website\"},\"datePublished\":\"2022-11-15T03:06:42+00:00\",\"dateModified\":\"2023-01-26T02:16:49+00:00\",\"breadcrumb\":{\"@id\":\"https:\\\/\\\/www.americasfoodandbeverage.com\\\/es\\\/direcciones-y-estacionamiento\\\/#breadcrumb\"},\"inLanguage\":\"es\",\"potentialAction\":[{\"@type\":\"ReadAction\",\"target\":[\"https:\\\/\\\/www.americasfoodandbeverage.com\\\/es\\\/direcciones-y-estacionamiento\\\/\"]}]},{\"@type\":\"BreadcrumbList\",\"@id\":\"https:\\\/\\\/www.americasfoodandbeverage.com\\\/es\\\/direcciones-y-estacionamiento\\\/#breadcrumb\",\"itemListElement\":[{\"@type\":\"ListItem\",\"position\":1,\"name\":\"Home\",\"item\":\"https:\\\/\\\/www.americasfoodandbeverage.com\\\/es\\\/\"},{\"@type\":\"ListItem\",\"position\":2,\"name\":\"Direcciones y estacionamiento\"}]},{\"@type\":\"WebSite\",\"@id\":\"https:\\\/\\\/www.americasfoodandbeverage.com\\\/es\\\/#website\",\"url\":\"https:\\\/\\\/www.americasfoodandbeverage.com\\\/es\\\/\",\"name\":\"Americas Food & Beverage\",\"description\":\"Customers, vendors\\\/service providers, suppliers, distributors and industry experts from around the world.\",\"publisher\":{\"@id\":\"https:\\\/\\\/www.americasfoodandbeverage.com\\\/es\\\/#organization\"},\"potentialAction\":[{\"@type\":\"SearchAction\",\"target\":{\"@type\":\"EntryPoint\",\"urlTemplate\":\"https:\\\/\\\/www.americasfoodandbeverage.com\\\/es\\\/?s={search_term_string}\"},\"query-input\":{\"@type\":\"PropertyValueSpecification\",\"valueRequired\":true,\"valueName\":\"search_term_string\"}}],\"inLanguage\":\"es\"},{\"@type\":\"Organization\",\"@id\":\"https:\\\/\\\/www.americasfoodandbeverage.com\\\/es\\\/#organization\",\"name\":\"Americas Food & Beverage\",\"url\":\"https:\\\/\\\/www.americasfoodandbeverage.com\\\/es\\\/\",\"logo\":{\"@type\":\"ImageObject\",\"inLanguage\":\"es\",\"@id\":\"https:\\\/\\\/www.americasfoodandbeverage.com\\\/es\\\/#\\\/schema\\\/logo\\\/image\\\/\",\"url\":\"https:\\\/\\\/www.americasfoodandbeverage.com\\\/wp-content\\\/uploads\\\/2023\\\/09\\\/AFB_pdf_logo.jpg\",\"contentUrl\":\"https:\\\/\\\/www.americasfoodandbeverage.com\\\/wp-content\\\/uploads\\\/2023\\\/09\\\/AFB_pdf_logo.jpg\",\"width\":918,\"height\":290,\"caption\":\"Americas Food & Beverage\"},\"image\":{\"@id\":\"https:\\\/\\\/www.americasfoodandbeverage.com\\\/es\\\/#\\\/schema\\\/logo\\\/image\\\/\"},\"sameAs\":[\"https:\\\/\\\/www.facebook.com\\\/AmericasFoodandBeverageMiami\\\/\",\"https:\\\/\\\/x.com\\\/afbshow\",\"https:\\\/\\\/www.linkedin.com\\\/company\\\/americas-food-and-beverage-show\",\"https:\\\/\\\/www.instagram.com\\\/americasfoodandbeverageshow\\\/\",\"https:\\\/\\\/americasfoodandbeverage.com\\\/wp-content\\\/themes\\\/Impreza-child\\\/assets\\\/icons\\\/youtube_light.png\"]}]}<\/script>\n<!-- \/ Yoast SEO Premium plugin. -->","yoast_head_json":{"title":"Direcciones y estacionamiento - Americas Food &amp; Beverage","robots":{"index":"index","follow":"follow","max-snippet":"max-snippet:-1","max-image-preview":"max-image-preview:large","max-video-preview":"max-video-preview:-1"},"canonical":"https:\/\/www.americasfoodandbeverage.com\/es\/direcciones-y-estacionamiento\/","og_locale":"es_ES","og_type":"article","og_title":"Direcciones y estacionamiento","og_description":"[vc_row][vc_column width=\u00bb1\/1&#8243;][vc_raw_html]JTVCYWZiX3NlY3Rpb25fdGl0bGUlMjBsZWZ0JTNEJTIyRElSRUNDSU9ORVMlMjIlMjByaWdodCUzRCUyMlklMjBFU1RBQ0lPTkFNSUVOVE8lMjIlNUQ=[\/vc_raw_html][\/vc_column][\/vc_row][vc_row][vc_column width=\u00bb1\/1&#8243;][vc_column_text]Direcciones para llegar al Centro de Convenciones de Miami Beach y estacionar una vez ah\u00ed. Para ayudarle y hacerle m\u00e1s f\u00e1cil encontrar las direcciones para llegar al Centro de Convenciones de Miami Beach y estacionar una vez ah\u00ed, haga clic en el enlace a continuaci\u00f3n para obtener informaci\u00f3n: http:\/\/www.miamibeachconvention.com\/en\/directions-parking \u00a1Le damos la bienvenida [&hellip;]","og_url":"https:\/\/www.americasfoodandbeverage.com\/es\/direcciones-y-estacionamiento\/","og_site_name":"Americas Food &amp; Beverage","article_publisher":"https:\/\/www.facebook.com\/AmericasFoodandBeverageMiami\/","article_modified_time":"2023-01-26T02:16:49+00:00","twitter_card":"summary_large_image","twitter_site":"@afbshow","twitter_misc":{"Tiempo de lectura":"1 minuto"},"schema":{"@context":"https:\/\/schema.org","@graph":[{"@type":"WebPage","@id":"https:\/\/www.americasfoodandbeverage.com\/es\/direcciones-y-estacionamiento\/","url":"https:\/\/www.americasfoodandbeverage.com\/es\/direcciones-y-estacionamiento\/","name":"Direcciones y estacionamiento - Americas Food &amp; Beverage","isPartOf":{"@id":"https:\/\/www.americasfoodandbeverage.com\/es\/#website"},"datePublished":"2022-11-15T03:06:42+00:00","dateModified":"2023-01-26T02:16:49+00:00","breadcrumb":{"@id":"https:\/\/www.americasfoodandbeverage.com\/es\/direcciones-y-estacionamiento\/#breadcrumb"},"inLanguage":"es","potentialAction":[{"@type":"ReadAction","target":["https:\/\/www.americasfoodandbeverage.com\/es\/direcciones-y-estacionamiento\/"]}]},{"@type":"BreadcrumbList","@id":"https:\/\/www.americasfoodandbeverage.com\/es\/direcciones-y-estacionamiento\/#breadcrumb","itemListElement":[{"@type":"ListItem","position":1,"name":"Home","item":"https:\/\/www.americasfoodandbeverage.com\/es\/"},{"@type":"ListItem","position":2,"name":"Direcciones y estacionamiento"}]},{"@type":"WebSite","@id":"https:\/\/www.americasfoodandbeverage.com\/es\/#website","url":"https:\/\/www.americasfoodandbeverage.com\/es\/","name":"Americas Food & Beverage","description":"Customers, vendors\/service providers, suppliers, distributors and industry experts from around the world.","publisher":{"@id":"https:\/\/www.americasfoodandbeverage.com\/es\/#organization"},"potentialAction":[{"@type":"SearchAction","target":{"@type":"EntryPoint","urlTemplate":"https:\/\/www.americasfoodandbeverage.com\/es\/?s={search_term_string}"},"query-input":{"@type":"PropertyValueSpecification","valueRequired":true,"valueName":"search_term_string"}}],"inLanguage":"es"},{"@type":"Organization","@id":"https:\/\/www.americasfoodandbeverage.com\/es\/#organization","name":"Americas Food & Beverage","url":"https:\/\/www.americasfoodandbeverage.com\/es\/","logo":{"@type":"ImageObject","inLanguage":"es","@id":"https:\/\/www.americasfoodandbeverage.com\/es\/#\/schema\/logo\/image\/","url":"https:\/\/www.americasfoodandbeverage.com\/wp-content\/uploads\/2023\/09\/AFB_pdf_logo.jpg","contentUrl":"https:\/\/www.americasfoodandbeverage.com\/wp-content\/uploads\/2023\/09\/AFB_pdf_logo.jpg","width":918,"height":290,"caption":"Americas Food & Beverage"},"image":{"@id":"https:\/\/www.americasfoodandbeverage.com\/es\/#\/schema\/logo\/image\/"},"sameAs":["https:\/\/www.facebook.com\/AmericasFoodandBeverageMiami\/","https:\/\/x.com\/afbshow","https:\/\/www.linkedin.com\/company\/americas-food-and-beverage-show","https:\/\/www.instagram.com\/americasfoodandbeverageshow\/","https:\/\/americasfoodandbeverage.com\/wp-content\/themes\/Impreza-child\/assets\/icons\/youtube_light.png"]}]}},"_links":{"self":[{"href":"https:\/\/www.americasfoodandbeverage.com\/es\/wp-json\/wp\/v2\/pages\/461","targetHints":{"allow":["GET"]}}],"collection":[{"href":"https:\/\/www.americasfoodandbeverage.com\/es\/wp-json\/wp\/v2\/pages"}],"about":[{"href":"https:\/\/www.americasfoodandbeverage.com\/es\/wp-json\/wp\/v2\/types\/page"}],"author":[{"embeddable":true,"href":"https:\/\/www.americasfoodandbeverage.com\/es\/wp-json\/wp\/v2\/users\/1"}],"replies":[{"embeddable":true,"href":"https:\/\/www.americasfoodandbeverage.com\/es\/wp-json\/wp\/v2\/comments?post=461"}],"version-history":[{"count":0,"href":"https:\/\/www.americasfoodandbeverage.com\/es\/wp-json\/wp\/v2\/pages\/461\/revisions"}],"wp:attachment":[{"href":"https:\/\/www.americasfoodandbeverage.com\/es\/wp-json\/wp\/v2\/media?parent=461"}],"curies":[{"name":"wp","href":"https:\/\/api.w.org\/{rel}","templated":true}]}}